{"id":1918,"date":"2025-12-16T12:05:36","date_gmt":"2025-12-16T11:05:36","guid":{"rendered":"https:\/\/www.oefg.at\/?page_id=1918"},"modified":"2024-03-08T13:10:20","modified_gmt":"2024-03-08T12:10:20","slug":"home","status":"publish","type":"page","link":"https:\/\/www.oefg.at\/en\/","title":{"rendered":"Home"},"content":{"rendered":"<div id=\"hero-header-block_fac2fac60b8d2d92d3c226b1d5e72813\" class=\"hero-header block block--hero-header\">\n  <div class=\"hero-header__content content\">\n    <div class=\"content__info info\">\n              <img fetchpriority=\"high\" decoding=\"async\" width=\"785\" height=\"267\" src=\"https:\/\/www.oefg.at\/wp-content\/uploads\/2023\/10\/oefg-logo.png\" class=\"attachment-full size-full\" alt=\"\" loading=\"eager\" srcset=\"https:\/\/www.oefg.at\/wp-content\/uploads\/2023\/10\/oefg-logo.png 785w, https:\/\/www.oefg.at\/wp-content\/uploads\/2023\/10\/oefg-logo-300x102.png 300w, https:\/\/www.oefg.at\/wp-content\/uploads\/2023\/10\/oefg-logo-768x261.png 768w\" sizes=\"(max-width: 785px) 100vw, 785px\" \/>                    <div>We connect researchers<\/div>\n          <\/div>\n    <div class=\"content__slider slider\">\n      <div class=\"slider__splide splide\">\n        <div class=\"splide__track\">\n          <div class=\"splide__list\">\n                          <div class=\"splide__slide slide slide--0\">\n                                                      <video\n                    playsinline controls class=\"video-1\" preload=\"metadata\"\n                  >\n                  <source src=\"https:\/\/www.oefg.at\/wp-content\/uploads\/2023\/12\/Foerderprogramm_-Internationale-Kommunikation.mp4#t=2.2\" type=\"video\/mp4\" \/><\/video>\n                                    \n                                <div class=\"slide__meta meta\">\n                  <div class=\"meta__counter\">1\/2<\/div>\n                  <div class=\"meta__link link\">\n                    <a\n        href=\"https:\/\/www.oefg.at\/\"\n        target=\"_self\"\n        class=\"link__anchor\"\n      >\n        <span><\/span>\n        \n        \n      <\/a>                                          <div class=\"link__subline\">Funding programme: International Communication<\/div>\n                                      <\/div>\n                <\/div>\n              <\/div>\n                          <div class=\"splide__slide slide slide--1\">\n                                                      <video\n                    playsinline controls preload=\"none\"\n                    \n                  ><source src=\"https:\/\/www.oefg.at\/wp-content\/uploads\/2023\/11\/y2mate.is-Der-Oesterreichische-Wissenschaftstag-PEr53aMWtH0-720p-1700562987.mp4\" type=\"video\/mp4\" \/><\/video>\n                                    \n                                <div class=\"slide__meta meta\">\n                  <div class=\"meta__counter\">2\/2<\/div>\n                  <div class=\"meta__link link\">\n                    <a\n        href=\"https:\/\/www.oefg.at\/\"\n        target=\"_self\"\n        class=\"link__anchor\"\n      >\n        <span><\/span>\n        \n        \n      <\/a>                                          <div class=\"link__subline\">Austrian Science Day<\/div>\n                                      <\/div>\n                <\/div>\n              <\/div>\n                      <\/div>\n        <\/div>\n      <\/div>\n    <\/div>\n  <\/div>\n<\/div>\n\n\n<div id=\"links-teaser-block_fe28d5c4f965bfa310638f8f2ff83ab8\" class=\"links-teaser block block--links-teaser\">\n  <div class=\"links-teaser__bg\">\n    <img decoding=\"async\" src=\"https:\/\/www.oefg.at\/wp-content\/themes\/digitalists\/dist\/assets\/images\/red-gradient.png\" alt=\"Gradient\">\n  <\/div>\n  <div class=\"links-teaser__content content\">\n    <div class=\"content__left left\">\n      <h1 class=\"left__hl\">Working together for a greater impact.<\/h1>    <\/div>\n    <div class=\"content__links links\">\n              <div class=\"links__link link\">\n          <div class=\"link__index\">\n            01          <\/div>\n          <a\n        href=\"https:\/\/www.oefg.at\/en\/funding-programmes\/international-communication\/\"\n        target=\"_self\"\n        class=\"link__anchor\"\n      >\n        <span>Funding programme: International Communication<\/span>\n        <span>Programme, submission deadlines &#038; terms <\/span>\n        <svg viewBox=\"0 0 40 40\"><use xlink:href=\"#right-arrow\" \/><\/svg>\n      <\/a>        <\/div>\n              <div class=\"links__link link\">\n          <div class=\"link__index\">\n            02          <\/div>\n          <a\n        href=\"https:\/\/www.oefg.at\/en\/funding-programmes\/druckkostenzuschusse\/\"\n        target=\"_self\"\n        class=\"link__anchor\"\n      >\n        <span>Funding programme: Printing Subsidies<\/span>\n        <span>Intentions, procedure, terms &#038; submission <\/span>\n        <svg viewBox=\"0 0 40 40\"><use xlink:href=\"#right-arrow\" \/><\/svg>\n      <\/a>        <\/div>\n              <div class=\"links__link link\">\n          <div class=\"link__index\">\n            03          <\/div>\n          <a\n        href=\"https:\/\/www.oefg.at\/publikationen\/\"\n        target=\"_self\"\n        class=\"link__anchor\"\n      >\n        <span>Publications<\/span>\n        <span>Access to our publications (German only)<\/span>\n        <svg viewBox=\"0 0 40 40\"><use xlink:href=\"#right-arrow\" \/><\/svg>\n      <\/a>        <\/div>\n              <div class=\"links__link link\">\n          <div class=\"link__index\">\n            04          <\/div>\n          <a\n        href=\"https:\/\/www.oefg.at\/arbeitsgemeinschaften\/\"\n        target=\"_self\"\n        class=\"link__anchor\"\n      >\n        <span>Working groups<\/span>\n        <span>Information on our working groups &#038; key research areas <\/span>\n        <svg viewBox=\"0 0 40 40\"><use xlink:href=\"#right-arrow\" \/><\/svg>\n      <\/a>        <\/div>\n          <\/div>\n  <\/div>\n<\/div>\n\n\n<div id=\"news-teaser-block_2d2fb509193fba8d136b9622fcc9eb9c\" class=\"news-teaser block block--news-teaser\">\n  <div class=\"news-teaser__content content\">\n    <div class=\"content__top top\">\n      <h2 class=\"top__hl\">News and magazine<\/h2>      <a\n        href=\"https:\/\/www.oefg.at\/news\/\"\n        target=\"_self\"\n        class=\"top__cta\"\n      >\n        <span>All articles<\/span>\n        \n        <svg viewBox=\"0 0 40 40\"><use xlink:href=\"#right-arrow\" \/><\/svg>\n      <\/a>    <\/div>\n    <div class=\"content__grid grid\">\n            <div class=\"grid__teaser teaser\">\n        <div class=\"teaser__bg\">\n          <img decoding=\"async\" src=\"https:\/\/www.oefg.at\/wp-content\/themes\/digitalists\/dist\/assets\/images\/red-gradient.png\" alt=\"Gradient\">\n        <\/div>\n        <div class=\"teaser__content content\">\n          <div class=\"content__left left\">\n            <h1 class=\"left__hl\">Wissenschaft &#038; Politik (Science &#038; Politics)<\/h1>                        <a\n        href=\"https:\/\/www.oefg.at\/magazine\/\"\n        target=\"_self\"\n        class=\"left__cta\"\n      >\n        <span>Go to magazine<\/span>\n        \n        <svg viewBox=\"0 0 40 40\"><use xlink:href=\"#right-arrow\" \/><\/svg>\n      <\/a>          <\/div>\n          <div class=\"content__right right\">\n                      <\/div>\n        <\/div>\n      <\/div>\n    <\/div>\n  <\/div>\n<\/div>\n\n\n<div id=\"events-teaser-block_890844d226ee402611b3d6ec7553e268\" class=\"events-teaser block block--events-teaser\">\n  <div class=\"events-teaser__content content\">\n    <div class=\"content__top top\">\n      <h2 class=\"top__hl\">Events<\/h2>      <a\n        href=\"https:\/\/www.oefg.at\/en\/events\/\"\n        target=\"_self\"\n        class=\"top__cta\"\n      >\n        <span>All events<\/span>\n        \n        <svg viewBox=\"0 0 40 40\"><use xlink:href=\"#right-arrow\" \/><\/svg>\n      <\/a>    <\/div>\n    <div class=\"content__main main\">\n      <div class=\"main__left left\">\n                    <a href=\"https:\/\/www.oefg.at\/en\/event\/paedagoginnenbildung-wo-stehen-wir-wo-wollen-wir-hin\/\" class=\"left__teaser teaser-prominent\">\n              <img loading=\"lazy\" decoding=\"async\" width=\"300\" height=\"200\" src=\"https:\/\/www.oefg.at\/wp-content\/uploads\/2026\/01\/iStock-2196132633-300x200.jpg\" class=\"attachment-medium size-medium wp-post-image\" alt=\"\" srcset=\"https:\/\/www.oefg.at\/wp-content\/uploads\/2026\/01\/iStock-2196132633-300x200.jpg 300w, https:\/\/www.oefg.at\/wp-content\/uploads\/2026\/01\/iStock-2196132633-1024x683.jpg 1024w, https:\/\/www.oefg.at\/wp-content\/uploads\/2026\/01\/iStock-2196132633-768x512.jpg 768w, https:\/\/www.oefg.at\/wp-content\/uploads\/2026\/01\/iStock-2196132633-1536x1024.jpg 1536w, https:\/\/www.oefg.at\/wp-content\/uploads\/2026\/01\/iStock-2196132633-2048x1366.jpg 2048w\" sizes=\"auto, (max-width: 300px) 100vw, 300px\" \/>              <span class=\"teaser-prominent__content content\">\n                                <span class=\"content__tag content__tag--date\">16.04.2026 &#8211; 17.04.2026<\/span>\n                                                <span class=\"content__tag content__tag--place\">Diplomatische Akademie Wien<\/span>\n                                <span class=\"content__title\">P\u00e4dagog:innenbildung &#8211; Wo stehen wir? Wo wollen wir hin?<\/span>\n                <span class=\"content__excerpt\">\u00d6FG-Workshop<\/span>\n                <svg viewBox=\"0 0 40 40\"><use xlink:href=\"#right-arrow\" \/><\/svg>\n              <\/span>\n            <\/a>\n                      <a href=\"https:\/\/www.oefg.at\/en\/event\/ai-for-scaling-legal-reform-mapping-and-redacting-racial-covenants-in-santa-clara-county\/\" class=\"left__teaser teaser-prominent\">\n              <img loading=\"lazy\" decoding=\"async\" width=\"300\" height=\"200\" src=\"https:\/\/www.oefg.at\/wp-content\/uploads\/2023\/10\/OeFG_220409039-300x200.jpg\" class=\"attachment-medium size-medium wp-post-image\" alt=\"\" srcset=\"https:\/\/www.oefg.at\/wp-content\/uploads\/2023\/10\/OeFG_220409039-300x200.jpg 300w, https:\/\/www.oefg.at\/wp-content\/uploads\/2023\/10\/OeFG_220409039-1024x683.jpg 1024w, https:\/\/www.oefg.at\/wp-content\/uploads\/2023\/10\/OeFG_220409039-768x512.jpg 768w, https:\/\/www.oefg.at\/wp-content\/uploads\/2023\/10\/OeFG_220409039-1536x1024.jpg 1536w, https:\/\/www.oefg.at\/wp-content\/uploads\/2023\/10\/OeFG_220409039-2048x1366.jpg 2048w\" sizes=\"auto, (max-width: 300px) 100vw, 300px\" \/>              <span class=\"teaser-prominent__content content\">\n                                <span class=\"content__tag content__tag--date\">09.12.2025<\/span>\n                                                <span class=\"content__tag content__tag--place\">RESOWI-Zentrum der Universit\u00e4t Graz<\/span>\n                                <span class=\"content__title\">AI for Scaling Legal Reform: Mapping and Redacting Racial Covenants in Santa Clara County<\/span>\n                <span class=\"content__excerpt\">REWI Lunch Lecture der ARGE K\u00fcnstliche Intelligenz und Menschenrechte<\/span>\n                <svg viewBox=\"0 0 40 40\"><use xlink:href=\"#right-arrow\" \/><\/svg>\n              <\/span>\n            <\/a>\n                <\/div>\n      <div class=\"main__right right\">\n                  <a href=\"https:\/\/www.oefg.at\/en\/event\/can-llms-distinguish-belief-from-knowledge-implications-for-law\/\" class=\"left__teaser teaser-prominent\">\n              <img loading=\"lazy\" decoding=\"async\" width=\"300\" height=\"200\" src=\"https:\/\/www.oefg.at\/wp-content\/uploads\/2023\/10\/Unknown-300x200.jpeg\" class=\"attachment-medium size-medium wp-post-image\" alt=\"\" srcset=\"https:\/\/www.oefg.at\/wp-content\/uploads\/2023\/10\/Unknown-300x200.jpeg 300w, https:\/\/www.oefg.at\/wp-content\/uploads\/2023\/10\/Unknown-1024x683.jpeg 1024w, https:\/\/www.oefg.at\/wp-content\/uploads\/2023\/10\/Unknown-768x512.jpeg 768w, https:\/\/www.oefg.at\/wp-content\/uploads\/2023\/10\/Unknown-1536x1024.jpeg 1536w, https:\/\/www.oefg.at\/wp-content\/uploads\/2023\/10\/Unknown-2048x1366.jpeg 2048w\" sizes=\"auto, (max-width: 300px) 100vw, 300px\" \/>              <span class=\"teaser-prominent__content content\">\n                                <span class=\"content__tag content__tag--date\">05.12.2025<\/span>\n                                                <span class=\"content__tag content__tag--place\">Juridicum Wien<\/span>\n                                <span class=\"content__title\">Can LLMs Distinguish Belief from Knowledge? Implications for Law<\/span>\n                <span class=\"content__excerpt\">Breakfast Lecture der ARGE K\u00fcnstliche Intelligenz und Menschenrechte<\/span>\n                <svg viewBox=\"0 0 40 40\"><use xlink:href=\"#right-arrow\" \/><\/svg>\n              <\/span>\n            <\/a>\n                      <a href=\"https:\/\/www.oefg.at\/en\/event\/wissenschaftspreis-der-oefg-2025\/\" class=\"left__teaser teaser-prominent\">\n              <img loading=\"lazy\" decoding=\"async\" width=\"300\" height=\"200\" src=\"https:\/\/www.oefg.at\/wp-content\/uploads\/2023\/12\/231123__MG_0021_web-300x200.jpg\" class=\"attachment-medium size-medium wp-post-image\" alt=\"\" srcset=\"https:\/\/www.oefg.at\/wp-content\/uploads\/2023\/12\/231123__MG_0021_web-300x200.jpg 300w, https:\/\/www.oefg.at\/wp-content\/uploads\/2023\/12\/231123__MG_0021_web-1024x683.jpg 1024w, https:\/\/www.oefg.at\/wp-content\/uploads\/2023\/12\/231123__MG_0021_web-768x512.jpg 768w, https:\/\/www.oefg.at\/wp-content\/uploads\/2023\/12\/231123__MG_0021_web-1536x1024.jpg 1536w, https:\/\/www.oefg.at\/wp-content\/uploads\/2023\/12\/231123__MG_0021_web.jpg 1600w\" sizes=\"auto, (max-width: 300px) 100vw, 300px\" \/>              <span class=\"teaser-prominent__content content\">\n                                <span class=\"content__tag content__tag--date\">20.11.2025<\/span>\n                                                <span class=\"content__title\">Wissenschaftspreis der \u00d6FG 2025<\/span>\n                <span class=\"content__excerpt\"><\/span>\n                <svg viewBox=\"0 0 40 40\"><use xlink:href=\"#right-arrow\" \/><\/svg>\n              <\/span>\n            <\/a>\n                <\/div>\n    <\/div>\n  <\/div>\n<\/div>\n\n\n<div id=\"publications-teaser-block_4c4ce45d35e1c8fcbf2cf959be844af9\" class=\"publications-teaser block block--publications-teaser\">\n  <div class=\"publications-teaser__content content\">\n    <div class=\"content__top top\">\n      <h2 class=\"top__hl\">Publications<\/h2>      <a\n        href=\"https:\/\/www.oefg.at\/publikationen\/\"\n        target=\"_self\"\n        class=\"top__cta\"\n      >\n        <span>All publications<\/span>\n        \n        <svg viewBox=\"0 0 40 40\"><use xlink:href=\"#right-arrow\" \/><\/svg>\n      <\/a>    <\/div>\n    <div class=\"content__main main\">\n              <a href=\"https:\/\/shop.manz.at\/shop\/products\/9783214257392\" target=\"_blank\" class=\"main__teaser teaser\">\n          <img decoding=\"async\" class=\"teaser__bg\" src=\"https:\/\/www.oefg.at\/wp-content\/themes\/digitalists\/dist\/assets\/images\/red-gradient.png\" alt=\"Gradient\">\n          <span class=\"teaser__content content\">\n            <span class=\"content__meta meta\">\n              <span class=\"meta__date\">\n                2025                \n                <\/span>\n            <\/span>\n            <span class=\"content__title\">KI &#8211; Menschenrechtliche Grundlagen und Grenzen<\/span>\n                          <span class=\"content__person\">\n                                  <span>I. Eisenberger (Hg.), <\/span>\n                                  <span>R. Klaushofer (Hg.)<\/span>\n                              <\/span>\n                      <\/span>\n        <\/a>\n              <a href=\"https:\/\/www.routledge.com\/Reinvigorating-the-United-Nations\/Kornprobst-Redo\/p\/book\/9781032707631?srsltid=AfmBOoprdZH9vlLRMGVoBzOIUKVfIlukACpcYA3QBzEuLLVHurpv4LOt\" target=\"_blank\" class=\"main__teaser teaser\">\n          <img decoding=\"async\" class=\"teaser__bg\" src=\"https:\/\/www.oefg.at\/wp-content\/themes\/digitalists\/dist\/assets\/images\/red-gradient.png\" alt=\"Gradient\">\n          <span class=\"teaser__content content\">\n            <span class=\"content__meta meta\">\n              <span class=\"meta__date\">\n                2024                \n                <\/span>\n            <\/span>\n            <span class=\"content__title\">Reinvigorating the United Nations<\/span>\n                          <span class=\"content__person\">\n                                  <span>Markus Kornprobst (Hg.), <\/span>\n                                  <span>S\u0142awomir Redo (Hg.)<\/span>\n                              <\/span>\n                      <\/span>\n        <\/a>\n              <a href=\"https:\/\/www.oefg.at\/wp-content\/uploads\/2025\/09\/OeWT_2024.pdf\" target=\"_blank\" class=\"main__teaser teaser\">\n          <img decoding=\"async\" class=\"teaser__bg\" src=\"https:\/\/www.oefg.at\/wp-content\/themes\/digitalists\/dist\/assets\/images\/red-gradient.png\" alt=\"Gradient\">\n          <span class=\"teaser__content content\">\n            <span class=\"content__meta meta\">\n              <span class=\"meta__date\">\n                2024                \n                <\/span>\n            <\/span>\n            <span class=\"content__title\">Der Mensch und seine K\u00fcnstliche Intelligenz<\/span>\n                          <span class=\"content__person\">\n                                  <span>Harald Kainz (Hg.)<\/span>\n                              <\/span>\n                      <\/span>\n        <\/a>\n              <a href=\"https:\/\/www.winter-verlag.de\/de\/detail\/978-3-8253-9521-6\/Coelsch_Foisner_Hg_Kreativitaet\/\" target=\"_blank\" class=\"main__teaser teaser\">\n          <img decoding=\"async\" class=\"teaser__bg\" src=\"https:\/\/www.oefg.at\/wp-content\/themes\/digitalists\/dist\/assets\/images\/red-gradient.png\" alt=\"Gradient\">\n          <span class=\"teaser__content content\">\n            <span class=\"content__meta meta\">\n              <span class=\"meta__date\">\n                2023                \n                <\/span>\n            <\/span>\n            <span class=\"content__title\">Kreativit\u00e4t &#8211; Sch\u00f6pferischer Wille und (\u00dcber-)Lebensstrategie<\/span>\n                          <span class=\"content__person\">\n                                  <span>Sabine Coelsch-Foisner (Hg.)<\/span>\n                              <\/span>\n                      <\/span>\n        <\/a>\n          <\/div>\n  <\/div>\n<\/div>\n","protected":false},"excerpt":{"rendered":"","protected":false},"author":4,"featured_media":0,"parent":0,"menu_order":0,"comment_status":"closed","ping_status":"closed","template":"page-home.php","meta":{"_acf_changed":false,"footnotes":""},"class_list":["post-1918","page","type-page","status-publish","hentry"],"acf":[],"_links":{"self":[{"href":"https:\/\/www.oefg.at\/en\/wp-json\/wp\/v2\/pages\/1918","targetHints":{"allow":["GET"]}}],"collection":[{"href":"https:\/\/www.oefg.at\/en\/wp-json\/wp\/v2\/pages"}],"about":[{"href":"https:\/\/www.oefg.at\/en\/wp-json\/wp\/v2\/types\/page"}],"author":[{"embeddable":true,"href":"https:\/\/www.oefg.at\/en\/wp-json\/wp\/v2\/users\/4"}],"replies":[{"embeddable":true,"href":"https:\/\/www.oefg.at\/en\/wp-json\/wp\/v2\/comments?post=1918"}],"version-history":[{"count":13,"href":"https:\/\/www.oefg.at\/en\/wp-json\/wp\/v2\/pages\/1918\/revisions"}],"predecessor-version":[{"id":1955,"href":"https:\/\/www.oefg.at\/en\/wp-json\/wp\/v2\/pages\/1918\/revisions\/1955"}],"wp:attachment":[{"href":"https:\/\/www.oefg.at\/en\/wp-json\/wp\/v2\/media?parent=1918"}],"curies":[{"name":"wp","href":"https:\/\/api.w.org\/{rel}","templated":true}]}}